{"id":2412,"date":"2015-04-28T13:12:38","date_gmt":"2015-04-28T13:12:38","guid":{"rendered":"http:\/\/palinkafozes.sk\/?page_id=2412"},"modified":"2024-10-09T18:46:34","modified_gmt":"2024-10-09T16:46:34","slug":"kapcsolat","status":"publish","type":"page","link":"https:\/\/palinkafozes.sk\/?page_id=2412","title":{"rendered":"Kapcsolat"},"content":{"rendered":"<p>[et_pb_section fb_built=&#8221;1&#8243; _builder_version=&#8221;4.27.0&#8243; _module_preset=&#8221;default&#8221; background_image=&#8221;https:\/\/palinkafozes.sk\/wp-content\/uploads\/2015\/03\/home_recipes_bg.jpg&#8221; global_colors_info=&#8221;{}&#8221; theme_builder_area=&#8221;post_content&#8221; custom_padding=&#8221;||450px|||&#8221;][et_pb_row _builder_version=&#8221;4.27.0&#8243; _module_preset=&#8221;default&#8221; background_color=&#8221;#fcf9ef&#8221; custom_padding=&#8221;|20px||20px|false|false&#8221; global_colors_info=&#8221;{}&#8221; theme_builder_area=&#8221;post_content&#8221;][et_pb_column type=&#8221;4_4&#8243; _builder_version=&#8221;4.27.0&#8243; _module_preset=&#8221;default&#8221; global_colors_info=&#8221;{}&#8221; theme_builder_area=&#8221;post_content&#8221;][et_pb_image src=&#8221;https:\/\/palinkafozes.sk\/wp-content\/uploads\/2015\/05\/pajzslogotextfinal.png&#8221; title_text=&#8221;pajzslogotextfinal&#8221; align=&#8221;center&#8221; _builder_version=&#8221;4.27.0&#8243; _module_preset=&#8221;default&#8221; global_colors_info=&#8221;{}&#8221; theme_builder_area=&#8221;post_content&#8221;][\/et_pb_image][\/et_pb_column][\/et_pb_row][et_pb_row column_structure=&#8221;1_2,1_2&#8243; _builder_version=&#8221;4.27.0&#8243; _module_preset=&#8221;default&#8221; background_color=&#8221;#fcf9ef&#8221; custom_padding=&#8221;|20px||20px|false|false&#8221; global_colors_info=&#8221;{}&#8221; theme_builder_area=&#8221;post_content&#8221;][et_pb_column type=&#8221;1_2&#8243; _builder_version=&#8221;4.27.0&#8243; _module_preset=&#8221;default&#8221; global_colors_info=&#8221;{}&#8221; theme_builder_area=&#8221;post_content&#8221;][et_pb_code _builder_version=&#8221;4.27.0&#8243; _module_preset=&#8221;default&#8221; global_colors_info=&#8221;{}&#8221; theme_builder_area=&#8221;post_content&#8221;]<iframe src=\"https:\/\/www.google.com\/maps\/embed?pb=!1m18!1m12!1m3!1d474.02352907074726!2d17.88217251876091!3d47.7721007346237!2m3!1f0!2f0!3f0!3m2!1i1024!2i768!4f13.1!3m3!1m2!1s0x476bbb8bdad5ad53%3A0xa928beaaf70fbf1c!2zUMOhbGVuaWNhIENzw7NrYSAtIFZlxL5rw6kgS29zaWh5!5e0!3m2!1sen!2shu!4v1728490780258!5m2!1sen!2shu\" width=\"600\" height=\"450\" style=\"border:0;\" allowfullscreen=\"\" loading=\"lazy\" referrerpolicy=\"no-referrer-when-downgrade\"><\/iframe>[\/et_pb_code][\/et_pb_column][et_pb_column type=&#8221;1_2&#8243; _builder_version=&#8221;4.27.0&#8243; _module_preset=&#8221;default&#8221; global_colors_info=&#8221;{}&#8221; theme_builder_area=&#8221;post_content&#8221;][et_pb_text _builder_version=&#8221;4.27.0&#8243; _module_preset=&#8221;default&#8221; global_colors_info=&#8221;{}&#8221; theme_builder_area=&#8221;post_content&#8221;]<\/p>\n<h1 class=\"big\" align=\"justify\">Keressenek b\u00e1tran!<\/h1>\n<p>&nbsp;<\/p>\n<h2>+421 911 490 455<\/h2>\n<p>&nbsp;<\/p>\n<h4>A P\u00e1linka<\/h4>\n<p class=\"big\" align=\"justify\">Orvoss\u00e1g ez ak\u00e1rmilyen nyavaj\u00e1ra, er\u0151s mint a h\u00e1romszor varrt csizma sz\u00e1ra. Szilva, k\u00f6rte, cseresznye, eg\u00e9szs\u00e9g\u00fcnkre!<\/p>\n<p>[\/et_pb_text][\/et_pb_column][\/et_pb_row][\/et_pb_section]<\/p>\n","protected":false},"excerpt":{"rendered":"<p>Keressenek b\u00e1tran! &nbsp; +421 911 490 455 &nbsp; A P\u00e1linka Orvoss\u00e1g ez ak\u00e1rmilyen nyavaj\u00e1ra, er\u0151s mint a h\u00e1romszor varrt csizma sz\u00e1ra. Szilva, k\u00f6rte, cseresznye, eg\u00e9szs\u00e9g\u00fcnkre!<\/p>\n","protected":false},"author":2,"featured_media":0,"parent":0,"menu_order":0,"comment_status":"open","ping_status":"open","template":"","meta":{"_et_pb_use_builder":"on","_et_pb_old_content":"","_et_gb_content_width":"","footnotes":""},"class_list":["post-2412","page","type-page","status-publish","hentry"],"_links":{"self":[{"href":"https:\/\/palinkafozes.sk\/index.php?rest_route=\/wp\/v2\/pages\/2412","targetHints":{"allow":["GET"]}}],"collection":[{"href":"https:\/\/palinkafozes.sk\/index.php?rest_route=\/wp\/v2\/pages"}],"about":[{"href":"https:\/\/palinkafozes.sk\/index.php?rest_route=\/wp\/v2\/types\/page"}],"author":[{"embeddable":true,"href":"https:\/\/palinkafozes.sk\/index.php?rest_route=\/wp\/v2\/users\/2"}],"replies":[{"embeddable":true,"href":"https:\/\/palinkafozes.sk\/index.php?rest_route=%2Fwp%2Fv2%2Fcomments&post=2412"}],"version-history":[{"count":18,"href":"https:\/\/palinkafozes.sk\/index.php?rest_route=\/wp\/v2\/pages\/2412\/revisions"}],"predecessor-version":[{"id":2679,"href":"https:\/\/palinkafozes.sk\/index.php?rest_route=\/wp\/v2\/pages\/2412\/revisions\/2679"}],"wp:attachment":[{"href":"https:\/\/palinkafozes.sk\/index.php?rest_route=%2Fwp%2Fv2%2Fmedia&parent=2412"}],"curies":[{"name":"wp","href":"https:\/\/api.w.org\/{rel}","templated":true}]}}