{"id":2339,"date":"2015-03-23T09:30:16","date_gmt":"2015-03-23T09:30:16","guid":{"rendered":"http:\/\/themes.muffingroup.com\/be\/recipes\/?page_id=2"},"modified":"2024-10-09T18:26:34","modified_gmt":"2024-10-09T16:26:34","slug":"home","status":"publish","type":"page","link":"https:\/\/palinkafozes.sk\/","title":{"rendered":"Home"},"content":{"rendered":"<p>[et_pb_section fb_built=&#8221;1&#8243; theme_builder_area=&#8221;post_content&#8221; _builder_version=&#8221;4.27.0&#8243; _module_preset=&#8221;default&#8221; title_text=&#8221;home_recipes_bg&#8221; background_image=&#8221;https:\/\/palinkafozes.sk\/wp-content\/uploads\/2015\/03\/home_recipes_bg.jpg&#8221; hover_enabled=&#8221;0&#8243; sticky_enabled=&#8221;0&#8243;][et_pb_row _builder_version=&#8221;4.27.0&#8243; _module_preset=&#8221;default&#8221; theme_builder_area=&#8221;post_content&#8221; background_color=&#8221;#fcf9ef&#8221; hover_enabled=&#8221;0&#8243; sticky_enabled=&#8221;0&#8243; custom_padding=&#8221;|20px||20px|false|false&#8221;][et_pb_column _builder_version=&#8221;4.27.0&#8243; _module_preset=&#8221;default&#8221; type=&#8221;4_4&#8243; theme_builder_area=&#8221;post_content&#8221;][et_pb_image src=&#8221;https:\/\/palinkafozes.sk\/wp-content\/uploads\/2015\/05\/pajzslogotextfinal.png&#8221; _builder_version=&#8221;4.27.0&#8243; _module_preset=&#8221;default&#8221; theme_builder_area=&#8221;post_content&#8221; title_text=&#8221;pajzslogotextfinal&#8221; align=&#8221;center&#8221; hover_enabled=&#8221;0&#8243; sticky_enabled=&#8221;0&#8243;][\/et_pb_image][\/et_pb_column][\/et_pb_row][et_pb_row _builder_version=&#8221;4.27.0&#8243; _module_preset=&#8221;default&#8221; theme_builder_area=&#8221;post_content&#8221; column_structure=&#8221;1_3,1_3,1_3&#8243; background_color=&#8221;#fcf9ef&#8221; hover_enabled=&#8221;0&#8243; sticky_enabled=&#8221;0&#8243; custom_padding=&#8221;|20px||20px|false|false&#8221;][et_pb_column _builder_version=&#8221;4.27.0&#8243; _module_preset=&#8221;default&#8221; type=&#8221;1_3&#8243; theme_builder_area=&#8221;post_content&#8221;][et_pb_image src=&#8221;https:\/\/palinkafozes.sk\/wp-content\/uploads\/2015\/03\/barack1.png&#8221; _builder_version=&#8221;4.27.0&#8243; _module_preset=&#8221;default&#8221; theme_builder_area=&#8221;post_content&#8221; title_text=&#8221;barack&#8221; align=&#8221;center&#8221; hover_enabled=&#8221;0&#8243; sticky_enabled=&#8221;0&#8243;][\/et_pb_image][et_pb_text _builder_version=&#8221;4.27.0&#8243; _module_preset=&#8221;default&#8221; theme_builder_area=&#8221;post_content&#8221; hover_enabled=&#8221;0&#8243; sticky_enabled=&#8221;0&#8243;]<\/p>\n<h4 style=\"text-align: center;\">S\u00e1rgabarack<\/h4>\n<div class=\"desc\" style=\"text-align: center;\">s\u00e1rgabarack \u2013 100 liter kiv\u00e1l\u00f3 min\u0151s\u00e9g\u0171 (nem cukrozott, kimagozott) cefr\u00e9b\u0151l cca 10 liter \u2013 50 fokos gy\u00fcm\u00f6lcsp\u00e1linka k\u00e9sz\u00edthet\u0151 \u2013 az erjeszt\u00e9s ideje cca 3-4 h\u00e9t<\/div>\n<p>[\/et_pb_text][\/et_pb_column][et_pb_column _builder_version=&#8221;4.27.0&#8243; _module_preset=&#8221;default&#8221; type=&#8221;1_3&#8243; theme_builder_area=&#8221;post_content&#8221;][et_pb_image src=&#8221;https:\/\/palinkafozes.sk\/wp-content\/uploads\/2024\/10\/dfkorte.png&#8221; _builder_version=&#8221;4.27.0&#8243; _module_preset=&#8221;default&#8221; theme_builder_area=&#8221;post_content&#8221; title_text=&#8221;dfkorte&#8221; align=&#8221;center&#8221; hover_enabled=&#8221;0&#8243; sticky_enabled=&#8221;0&#8243;][\/et_pb_image][et_pb_text _builder_version=&#8221;4.27.0&#8243; _module_preset=&#8221;default&#8221; theme_builder_area=&#8221;post_content&#8221; hover_enabled=&#8221;0&#8243; sticky_enabled=&#8221;0&#8243;]<\/p>\n<h4 style=\"text-align: center;\">K\u00f6rte<\/h4>\n<div class=\"desc\" style=\"text-align: center;\">k\u00f6rte &#8211; 100 liter kiv\u00e1l\u00f3 min\u0151s\u00e9g\u0171 (nem cukrozott, ledar\u00e1lt) cefr\u00e9b\u0151l cca 7-8 liter \u2013 50 fokos gy\u00fcm\u00f6lcsp\u00e1linka k\u00e9sz\u00edthet\u0151 \u2013 az erjeszt\u00e9s ideje cca 6-10 h\u00e9t<\/div>\n<p>[\/et_pb_text][\/et_pb_column][et_pb_column _builder_version=&#8221;4.27.0&#8243; _module_preset=&#8221;default&#8221; type=&#8221;1_3&#8243; theme_builder_area=&#8221;post_content&#8221;][et_pb_image src=&#8221;https:\/\/palinkafozes.sk\/wp-content\/uploads\/2015\/03\/cseresznye.png&#8221; _builder_version=&#8221;4.27.0&#8243; _module_preset=&#8221;default&#8221; theme_builder_area=&#8221;post_content&#8221; title_text=&#8221;cseresznye&#8221; align=&#8221;center&#8221; hover_enabled=&#8221;0&#8243; sticky_enabled=&#8221;0&#8243;][\/et_pb_image][et_pb_text _builder_version=&#8221;4.27.0&#8243; _module_preset=&#8221;default&#8221; theme_builder_area=&#8221;post_content&#8221; hover_enabled=&#8221;0&#8243; sticky_enabled=&#8221;0&#8243;]<\/p>\n<h4 style=\"text-align: center;\">Cseresznye<\/h4>\n<div class=\"desc\" style=\"text-align: center;\">cseresznye &#8211; 100 liter kiv\u00e1l\u00f3 min\u0151s\u00e9g\u0171 (nem cukrozott, sz\u00e1rn\u00e9lk\u00fcli) cefr\u00e9b\u0151l cca 5 liter \u2013 50 fokos gy\u00fcm\u00f6lcsp\u00e1linka k\u00e9sz\u00edthet\u0151 \u2013 az erjeszt\u00e9s ideje cca 3-4 h\u00e9t<\/div>\n<p>[\/et_pb_text][\/et_pb_column][\/et_pb_row][et_pb_row _builder_version=&#8221;4.27.0&#8243; _module_preset=&#8221;default&#8221; theme_builder_area=&#8221;post_content&#8221; column_structure=&#8221;1_3,1_3,1_3&#8243; background_color=&#8221;#fcf9ef&#8221; hover_enabled=&#8221;0&#8243; sticky_enabled=&#8221;0&#8243; custom_padding=&#8221;|20px||20px|false|false&#8221;][et_pb_column _builder_version=&#8221;4.27.0&#8243; _module_preset=&#8221;default&#8221; type=&#8221;1_3&#8243; theme_builder_area=&#8221;post_content&#8221;][et_pb_image src=&#8221;https:\/\/palinkafozes.sk\/wp-content\/uploads\/2015\/03\/szilva1.png&#8221; _builder_version=&#8221;4.27.0&#8243; _module_preset=&#8221;default&#8221; theme_builder_area=&#8221;post_content&#8221; title_text=&#8221;szilva&#8221; align=&#8221;center&#8221; hover_enabled=&#8221;0&#8243; sticky_enabled=&#8221;0&#8243;][\/et_pb_image][et_pb_text _builder_version=&#8221;4.27.0&#8243; _module_preset=&#8221;default&#8221; theme_builder_area=&#8221;post_content&#8221; hover_enabled=&#8221;0&#8243; sticky_enabled=&#8221;0&#8243;]<\/p>\n<h4 style=\"text-align: center;\">Szilva<\/h4>\n<div class=\"desc\" style=\"text-align: center;\">szilva &#8211; 100 liter kiv\u00e1l\u00f3 min\u0151s\u00e9g\u0171 (nem cukrozott, kimagozott) cefr\u00e9b\u0151l cca 10 liter \u2013 50 fokos gy\u00fcm\u00f6lcsp\u00e1linka k\u00e9sz\u00edthet\u0151 \u2013 az erjeszt\u00e9s ideje cca 6-8 h\u00e9t<\/div>\n<p>[\/et_pb_text][\/et_pb_column][et_pb_column _builder_version=&#8221;4.27.0&#8243; _module_preset=&#8221;default&#8221; type=&#8221;1_3&#8243; theme_builder_area=&#8221;post_content&#8221;][et_pb_image src=&#8221;https:\/\/palinkafozes.sk\/wp-content\/uploads\/2015\/03\/alma.png&#8221; _builder_version=&#8221;4.27.0&#8243; _module_preset=&#8221;default&#8221; theme_builder_area=&#8221;post_content&#8221; title_text=&#8221;alma&#8221; align=&#8221;center&#8221; hover_enabled=&#8221;0&#8243; sticky_enabled=&#8221;0&#8243;][\/et_pb_image][et_pb_text _builder_version=&#8221;4.27.0&#8243; _module_preset=&#8221;default&#8221; theme_builder_area=&#8221;post_content&#8221; hover_enabled=&#8221;0&#8243; sticky_enabled=&#8221;0&#8243;]<\/p>\n<h4 style=\"text-align: center;\">Alma<\/h4>\n<div class=\"desc\" style=\"text-align: center;\">alma &#8211; 100 liter kiv\u00e1l\u00f3 min\u0151s\u00e9g\u0171 (nem cukrozott, ledar\u00e1lt) cefr\u00e9b\u0151l cca 9 liter \u2013 50 fokos gy\u00fcm\u00f6lcsp\u00e1linka k\u00e9sz\u00edthet\u0151 \u2013 az erjeszt\u00e9s ideje cca 6-10 h\u00e9t<\/div>\n<p>[\/et_pb_text][\/et_pb_column][et_pb_column _builder_version=&#8221;4.27.0&#8243; _module_preset=&#8221;default&#8221; type=&#8221;1_3&#8243; theme_builder_area=&#8221;post_content&#8221;][et_pb_image src=&#8221;https:\/\/palinkafozes.sk\/wp-content\/uploads\/2015\/03\/szolo.png&#8221; _builder_version=&#8221;4.27.0&#8243; _module_preset=&#8221;default&#8221; theme_builder_area=&#8221;post_content&#8221; title_text=&#8221;szolo&#8221; align=&#8221;center&#8221; hover_enabled=&#8221;0&#8243; sticky_enabled=&#8221;0&#8243;][\/et_pb_image][et_pb_text _builder_version=&#8221;4.27.0&#8243; _module_preset=&#8221;default&#8221; theme_builder_area=&#8221;post_content&#8221; hover_enabled=&#8221;0&#8243; sticky_enabled=&#8221;0&#8243;]<\/p>\n<h4 style=\"text-align: center;\">Sz\u0151l\u0151<\/h4>\n<div class=\"desc\" style=\"text-align: center;\">sz\u0151l\u0151 &#8211; 100 liter kiv\u00e1l\u00f3 min\u0151s\u00e9g\u0171 (nem cukrozott, leszemezett) cefr\u00e9b\u0151l cca 12-14 liter \u2013 50 fokos gy\u00fcm\u00f6lcsp\u00e1linka k\u00e9sz\u00edthet\u0151 \u2013 az erjeszt\u00e9s ideje cca 4-6 h\u00e9t<\/div>\n<p>[\/et_pb_text][\/et_pb_column][\/et_pb_row][et_pb_row _builder_version=&#8221;4.27.0&#8243; _module_preset=&#8221;default&#8221; theme_builder_area=&#8221;post_content&#8221; column_structure=&#8221;1_2,1_2&#8243; background_color=&#8221;#fcf9ef&#8221; hover_enabled=&#8221;0&#8243; sticky_enabled=&#8221;0&#8243; custom_padding=&#8221;|20px||20px|false|false&#8221;][et_pb_column _builder_version=&#8221;4.27.0&#8243; _module_preset=&#8221;default&#8221; type=&#8221;1_2&#8243; theme_builder_area=&#8221;post_content&#8221;][et_pb_code _builder_version=&#8221;4.27.0&#8243; _module_preset=&#8221;default&#8221; theme_builder_area=&#8221;post_content&#8221; hover_enabled=&#8221;0&#8243; sticky_enabled=&#8221;0&#8243;]<iframe src=\"https:\/\/www.google.com\/maps\/embed?pb=!1m18!1m12!1m3!1d474.02352907074726!2d17.88217251876091!3d47.7721007346237!2m3!1f0!2f0!3f0!3m2!1i1024!2i768!4f13.1!3m3!1m2!1s0x476bbb8bdad5ad53%3A0xa928beaaf70fbf1c!2zUMOhbGVuaWNhIENzw7NrYSAtIFZlxL5rw6kgS29zaWh5!5e0!3m2!1sen!2shu!4v1728490780258!5m2!1sen!2shu\" width=\"600\" height=\"450\" style=\"border:0;\" allowfullscreen=\"\" loading=\"lazy\" referrerpolicy=\"no-referrer-when-downgrade\"><\/iframe>[\/et_pb_code][\/et_pb_column][et_pb_column _builder_version=&#8221;4.27.0&#8243; _module_preset=&#8221;default&#8221; type=&#8221;1_2&#8243; theme_builder_area=&#8221;post_content&#8221;][et_pb_text _builder_version=&#8221;4.27.0&#8243; _module_preset=&#8221;default&#8221; theme_builder_area=&#8221;post_content&#8221; hover_enabled=&#8221;0&#8243; sticky_enabled=&#8221;0&#8243;]<\/p>\n<h1 class=\"big\" align=\"justify\">Keressenek b\u00e1tran!<\/h1>\n<p>&nbsp;<\/p>\n<h2>+421 911 490 455<\/h2>\n<p>&nbsp;<\/p>\n<h4>A P\u00e1linka<\/h4>\n<p class=\"big\" align=\"justify\">Orvoss\u00e1g ez ak\u00e1rmilyen nyavaj\u00e1ra, er\u0151s mint a h\u00e1romszor varrt csizma sz\u00e1ra. Szilva, k\u00f6rte, cseresznye, eg\u00e9szs\u00e9g\u00fcnkre!<\/p>\n<p>[\/et_pb_text][\/et_pb_column][\/et_pb_row][\/et_pb_section]<\/p>\n","protected":false},"excerpt":{"rendered":"<p>S\u00e1rgabarack s\u00e1rgabarack \u2013 100 liter kiv\u00e1l\u00f3 min\u0151s\u00e9g\u0171 (nem cukrozott, kimagozott) cefr\u00e9b\u0151l cca 10 liter \u2013 50 fokos gy\u00fcm\u00f6lcsp\u00e1linka k\u00e9sz\u00edthet\u0151 \u2013 az erjeszt\u00e9s ideje cca 3-4 h\u00e9tK\u00f6rte k\u00f6rte &#8211; 100 liter kiv\u00e1l\u00f3 min\u0151s\u00e9g\u0171 (nem cukrozott, ledar\u00e1lt) cefr\u00e9b\u0151l cca 7-8 liter \u2013 50 fokos gy\u00fcm\u00f6lcsp\u00e1linka k\u00e9sz\u00edthet\u0151 \u2013 az erjeszt\u00e9s ideje cca 6-10 h\u00e9tCseresznye cseresznye &#8211; 100 liter [&hellip;]<\/p>\n","protected":false},"author":1,"featured_media":0,"parent":0,"menu_order":0,"comment_status":"open","ping_status":"open","template":"","meta":{"_et_pb_use_builder":"on","_et_pb_old_content":"","_et_gb_content_width":"","footnotes":""},"class_list":["post-2339","page","type-page","status-publish","hentry"],"_links":{"self":[{"href":"https:\/\/palinkafozes.sk\/index.php?rest_route=\/wp\/v2\/pages\/2339","targetHints":{"allow":["GET"]}}],"collection":[{"href":"https:\/\/palinkafozes.sk\/index.php?rest_route=\/wp\/v2\/pages"}],"about":[{"href":"https:\/\/palinkafozes.sk\/index.php?rest_route=\/wp\/v2\/types\/page"}],"author":[{"embeddable":true,"href":"https:\/\/palinkafozes.sk\/index.php?rest_route=\/wp\/v2\/users\/1"}],"replies":[{"embeddable":true,"href":"https:\/\/palinkafozes.sk\/index.php?rest_route=%2Fwp%2Fv2%2Fcomments&post=2339"}],"version-history":[{"count":7,"href":"https:\/\/palinkafozes.sk\/index.php?rest_route=\/wp\/v2\/pages\/2339\/revisions"}],"predecessor-version":[{"id":2652,"href":"https:\/\/palinkafozes.sk\/index.php?rest_route=\/wp\/v2\/pages\/2339\/revisions\/2652"}],"wp:attachment":[{"href":"https:\/\/palinkafozes.sk\/index.php?rest_route=%2Fwp%2Fv2%2Fmedia&parent=2339"}],"curies":[{"name":"wp","href":"https:\/\/api.w.org\/{rel}","templated":true}]}}